{"id":245,"date":"2017-07-07T11:07:41","date_gmt":"2017-07-07T11:07:41","guid":{"rendered":"http:\/\/localhost:10026\/?page_id=245"},"modified":"2024-04-08T12:18:09","modified_gmt":"2024-04-08T12:18:09","slug":"about-us","status":"publish","type":"page","link":"https:\/\/hoffnung.ee\/et\/about-us\/","title":{"rendered":"Firmast"},"content":{"rendered":"<div class=\"wpb-content-wrapper\"><p>[vc_row full_width=&#8221;stretch_row&#8221; css=&#8221;.vc_custom_1499424773659{background-color: #f6f6f6 !important;}&#8221;][vc_column][vc_empty_space alter_height=&#8221;huge&#8221; hide_on_desktop=&#8221;&#8221; hide_on_notebook=&#8221;&#8221; hide_on_tablet=&#8221;&#8221; hide_on_mobile=&#8221;&#8221;]<div  id=\"sc_promo_692623617\" \n\tclass=\"sc_promo color_style_default sc_promo_default sc_promo_size_normal sc_promo_no_paddings sc_promo_image_position_right\"><div class=\"sc_promo_image\" style=\"background-image:url(https:\/\/hoffnung.ee\/et\/wp-content\/uploads\/sites\/3\/2024\/03\/logo-3.png);width:50%;right: 0;\"><\/div><div class=\"sc_promo_text\" style=\"width: 50%;float: left;\">\n\t\t\t<div class=\"sc_promo_text_inner sc_content_width_50%\" style=\"\"><h6 class=\"sc_item_subtitle sc_promo_subtitle sc_align_left sc_item_title_style_default\">HoFFnung<\/h6><h1 class=\"sc_item_title sc_promo_title sc_align_left sc_item_title_style_default sc_item_title_tag\">Kvaliteetsed lahendused teie ideedele<\/h1><div class=\"sc_item_descr sc_promo_descr sc_align_left\"><p>Me oleme HoFFnung, elektripaigaldust\u00f6\u00f6dele spetsialiseerunud ettev\u00f5te alates 2009. aastast. Pakume t\u00e4isteenust, sealhulgas disaini, v\u00f5rgu\u00fchendust, v\u00e4lis- ja sisepaigaldust\u00f6id ning lahendusi p\u00e4ikeseenergia, side- ja turvas\u00fcsteemide valdkonnas. HoFFnungiga saate usaldusv\u00e4\u00e4rse partneri, kes on valmis ellu viima igasuguseid elektripaigaldust\u00f6\u00f6de projekte professionaalselt ja detailidele t\u00e4helepanu p\u00f6\u00f6rates.<\/p>\n<\/div><\/div>\n\t\t<\/div><!-- \/.sc_promo_text --><\/div><!-- \/.sc_promo -->[vc_empty_space alter_height=&#8221;huge&#8221; hide_on_desktop=&#8221;&#8221; hide_on_notebook=&#8221;&#8221; hide_on_tablet=&#8221;&#8221; hide_on_mobile=&#8221;&#8221;][\/vc_column][\/vc_row][vc_row][vc_column width=&#8221;1\/2&#8243; icons_position=&#8221;left&#8221; offset=&#8221;vc_col-sm-offset-3&#8243;][vc_empty_space alter_height=&#8221;huge&#8221; hide_on_desktop=&#8221;&#8221; hide_on_notebook=&#8221;&#8221; hide_on_tablet=&#8221;&#8221; hide_on_mobile=&#8221;&#8221; css=&#8221;.vc_custom_1504256739846{margin-top: -0.15rem !important;}&#8221;]<div id=\"sc_title_1080185366\"\n\t\tclass=\"sc_title color_style_default sc_title_default\"><h6 class=\"sc_item_subtitle sc_title_subtitle sc_align_center sc_item_title_style_default\"> Meie eelised<\/h6><h3 class=\"sc_item_title sc_title_title sc_align_center sc_item_title_style_default\">Miks me oleme teie parim valik?<\/h3><\/div><!-- \/.sc_title -->[\/vc_column][vc_column icons_position=&#8221;left&#8221;][vc_empty_space alter_height=&#8221;small&#8221; hide_on_desktop=&#8221;&#8221; hide_on_notebook=&#8221;&#8221; hide_on_tablet=&#8221;&#8221; hide_on_mobile=&#8221;&#8221; css=&#8221;.vc_custom_1504184632482{margin-top: 1.3rem !important;}&#8221;]<div id=\"sc_services_1436782224\" class=\"sc_services color_style_default sc_services_default sc_services_featured_top\"><div class=\"sc_services_columns_wrap sc_item_columns sc_item_columns_5 trx_addons_columns_wrap columns_padding_bottom\"><div class=\"trx_addons_column-1_5\"><div class=\"sc_services_item without_content with_icon sc_services_item_featured_top\">\n\t<a href=\"https:\/\/hoffnung.ee\/et\/services\/quick-response-times\/\"\n\t\t\t id=\"sc_services_1436782224_icon-untitled-4\"\n\t\t\t class=\"sc_services_item_icon icon-untitled-4\"><\/a>\t\n\t<div class=\"sc_services_item_info\">\n\t\t<div class=\"sc_services_item_header\">\n\t\t\t<h4 class=\"sc_services_item_title\"><a href=\"https:\/\/hoffnung.ee\/et\/services\/quick-response-times\/\">Kinnipidamine t\u00e4htaegadest<\/a><\/h4>\n\t\t\t<div class=\"sc_services_item_subtitle\"><a href=\"https:\/\/hoffnung.ee\/et\/services_group\/top-choice\/\" title=\"View all posts in Top Choice\">Top Choice<\/a><\/div>\n\t\t<\/div>\n\t\t\t<\/div>\n<\/div>\n<\/div><div class=\"trx_addons_column-1_5\"><div class=\"sc_services_item without_content with_icon sc_services_item_featured_top\">\n\t<a href=\"https:\/\/hoffnung.ee\/et\/services\/licensed-electricians\/\"\n\t\t\t id=\"sc_services_1436782224_icon-untitled-5\"\n\t\t\t class=\"sc_services_item_icon icon-untitled-5\"><\/a>\t\n\t<div class=\"sc_services_item_info\">\n\t\t<div class=\"sc_services_item_header\">\n\t\t\t<h4 class=\"sc_services_item_title\"><a href=\"https:\/\/hoffnung.ee\/et\/services\/licensed-electricians\/\">K\u00f5ikeh\u00f5lmav teenindus<\/a><\/h4>\n\t\t\t<div class=\"sc_services_item_subtitle\"><a href=\"https:\/\/hoffnung.ee\/et\/services_group\/top-choice\/\" title=\"View all posts in Top Choice\">Top Choice<\/a><\/div>\n\t\t<\/div>\n\t\t\t<\/div>\n<\/div>\n<\/div><div class=\"trx_addons_column-1_5\"><div class=\"sc_services_item without_content with_icon sc_services_item_featured_top\">\n\t<a href=\"https:\/\/hoffnung.ee\/et\/services\/experienced-and-accessible\/\"\n\t\t\t id=\"sc_services_1436782224_icon-untitled-6\"\n\t\t\t class=\"sc_services_item_icon icon-untitled-6\"><\/a>\t\n\t<div class=\"sc_services_item_info\">\n\t\t<div class=\"sc_services_item_header\">\n\t\t\t<h4 class=\"sc_services_item_title\"><a href=\"https:\/\/hoffnung.ee\/et\/services\/experienced-and-accessible\/\">Tippekspertidest<\/a><\/h4>\n\t\t\t<div class=\"sc_services_item_subtitle\"><a href=\"https:\/\/hoffnung.ee\/et\/services_group\/top-choice\/\" title=\"View all posts in Top Choice\">Top Choice<\/a><\/div>\n\t\t<\/div>\n\t\t\t<\/div>\n<\/div>\n<\/div><div class=\"trx_addons_column-1_5\"><div class=\"sc_services_item without_content with_icon sc_services_item_featured_top\">\n\t<a href=\"https:\/\/hoffnung.ee\/et\/services\/super-service-award\/\"\n\t\t\t id=\"sc_services_1436782224_icon-untitled-7\"\n\t\t\t class=\"sc_services_item_icon icon-untitled-7\"><\/a>\t\n\t<div class=\"sc_services_item_info\">\n\t\t<div class=\"sc_services_item_header\">\n\t\t\t<h4 class=\"sc_services_item_title\"><a href=\"https:\/\/hoffnung.ee\/et\/services\/super-service-award\/\">Ainult edukad projektid<\/a><\/h4>\n\t\t\t<div class=\"sc_services_item_subtitle\"><a href=\"https:\/\/hoffnung.ee\/et\/services_group\/top-choice\/\" title=\"View all posts in Top Choice\">Top Choice<\/a><\/div>\n\t\t<\/div>\n\t\t\t<\/div>\n<\/div>\n<\/div><div class=\"trx_addons_column-1_5\"><div class=\"sc_services_item without_content with_icon sc_services_item_featured_top\">\n\t<a href=\"https:\/\/hoffnung.ee\/et\/services\/over-60-years-of-experience\/\"\n\t\t\t id=\"sc_services_1436782224_icon-untitled-15\"\n\t\t\t class=\"sc_services_item_icon icon-untitled-15\"><\/a>\t\n\t<div class=\"sc_services_item_info\">\n\t\t<div class=\"sc_services_item_header\">\n\t\t\t<h4 class=\"sc_services_item_title\"><a href=\"https:\/\/hoffnung.ee\/et\/services\/over-60-years-of-experience\/\">Ulatuslik kogemus<\/a><\/h4>\n\t\t\t<div class=\"sc_services_item_subtitle\"><a href=\"https:\/\/hoffnung.ee\/et\/services_group\/top-choice\/\" title=\"View all posts in Top Choice\">Top Choice<\/a><\/div>\n\t\t<\/div>\n\t\t\t<\/div>\n<\/div>\n<\/div><\/div><\/div><!-- \/.sc_services -->[vc_empty_space alter_height=&#8221;huge&#8221; hide_on_desktop=&#8221;&#8221; hide_on_notebook=&#8221;&#8221; hide_on_tablet=&#8221;&#8221; hide_on_mobile=&#8221;&#8221; css=&#8221;.vc_custom_1504256768983{margin-top: -0.4rem !important;}&#8221;][\/vc_column][\/vc_row][vc_row][vc_column icons_position=&#8221;left&#8221;][vc_empty_space alter_height=&#8221;huge&#8221; hide_on_desktop=&#8221;&#8221; hide_on_notebook=&#8221;&#8221; hide_on_tablet=&#8221;&#8221; hide_on_mobile=&#8221;&#8221; css=&#8221;.vc_custom_1504188732325{margin-top: -0.2rem !important;}&#8221;]<div id=\"sc_title_351690796\"\n\t\tclass=\"sc_title color_style_default sc_title_default\"><h6 class=\"sc_item_subtitle sc_title_subtitle sc_align_center sc_item_title_style_default\">Meie meeskond<\/h6><h3 class=\"sc_item_title sc_title_title sc_align_center sc_item_title_style_default\">Kogemus ja professionaalsus<\/h3><div class=\"sc_item_descr sc_title_descr sc_align_center\"><p>Meie ettev\u00f5te kiidab oma k\u00f5rgelt kvalifitseeritud personali k\u00f5igis tegevusvaldkondades. Oleme uhked oma t\u00f6\u00f6kogemuse \u00fcle, mis ulatub kolmest kuni viieteistk\u00fcmne aastani, olenevalt valdkonnast.<\/p>\n<\/div><\/div><!-- \/.sc_title -->[vc_empty_space alter_height=&#8221;medium&#8221; hide_on_desktop=&#8221;&#8221; hide_on_notebook=&#8221;&#8221; hide_on_tablet=&#8221;&#8221; hide_on_mobile=&#8221;&#8221; css=&#8221;.vc_custom_1504188762103{margin-top: -0.1rem !important;}&#8221;]<div class=\"sc_team color_style_default sc_team_short\"><div class=\"sc_team_columns_wrap sc_item_columns trx_addons_columns_wrap columns_padding_bottom\"><div class=\"trx_addons_column-1_3\"><div class=\"sc_team_item\">\n\t\t<div class=\"sc_team_item_info\">\n\t\t<div class=\"sc_team_item_header\">\n\t\t\t<h4 class=\"sc_team_item_title\"><a href=\"https:\/\/hoffnung.ee\/et\/team\/ludmila-varkki\/\">Ljudmila Varkki<\/a><\/h4>\n\t\t\t<div class=\"sc_team_item_subtitle\">Insener<\/div>\n\t\t<\/div>\n\t<\/div>\n<\/div>\n<\/div><div class=\"trx_addons_column-1_3\"><div class=\"sc_team_item\">\n\t\t<div class=\"sc_team_item_info\">\n\t\t<div class=\"sc_team_item_header\">\n\t\t\t<h4 class=\"sc_team_item_title\"><a href=\"https:\/\/hoffnung.ee\/et\/team\/anatoly-varkki\/\">Anatolii Varkki<\/a><\/h4>\n\t\t\t<div class=\"sc_team_item_subtitle\">Rahandusosakond<\/div>\n\t\t<\/div>\n\t<\/div>\n<\/div>\n<\/div><div class=\"trx_addons_column-1_3\"><div class=\"sc_team_item\">\n\t\t<div class=\"sc_team_item_info\">\n\t\t<div class=\"sc_team_item_header\">\n\t\t\t<h4 class=\"sc_team_item_title\"><a href=\"https:\/\/hoffnung.ee\/et\/team\/anton-sergeev\/\">Anton Sergeev<\/a><\/h4>\n\t\t\t<div class=\"sc_team_item_subtitle\">Tehniline osakond<\/div>\n\t\t<\/div>\n\t<\/div>\n<\/div>\n<\/div><\/div><\/div><!-- \/.sc_team -->[vc_empty_space alter_height=&#8221;huge&#8221; hide_on_desktop=&#8221;&#8221; hide_on_notebook=&#8221;&#8221; hide_on_tablet=&#8221;&#8221; hide_on_mobile=&#8221;&#8221; css=&#8221;.vc_custom_1504188964918{margin-top: -0.15rem !important;}&#8221;][\/vc_column][\/vc_row][vc_row full_width=&#8221;stretch_row&#8221; content_placement=&#8221;middle&#8221; css=&#8221;.vc_custom_1710848787084{background-color: #f6f6f6 !important;}&#8221;][vc_column width=&#8221;1\/2&#8243;][vc_empty_space alter_height=&#8221;huge&#8221; hide_on_desktop=&#8221;&#8221; hide_on_notebook=&#8221;&#8221; hide_on_tablet=&#8221;&#8221; hide_on_mobile=&#8221;&#8221;]<div id=\"sc_title_382408992\"\n\t\tclass=\"sc_title color_style_default sc_title_default\"><h6 class=\"sc_item_subtitle sc_title_subtitle sc_align_left sc_item_title_style_default\">K\u00f5rge kvalifikatsioon<\/h6><h3 class=\"sc_item_title sc_title_title sc_align_left sc_item_title_style_default\">Teenuste sertifitseerimine<\/h3><div class=\"sc_item_descr sc_title_descr sc_align_left\"><p>Meie sertifikaadid ja diplomid kinnitavad meie spetsialistide k\u00f5rget kvalifikatsiooni ja p\u00e4devust elektripaigaldust\u00f6\u00f6de valdkonnas. Oleme uhked oma saavutuste \u00fcle ja valmis pakkuma teile usaldusv\u00e4\u00e4rseid ja professionaalseid teenuseid teie projekti jaoks.<\/p>\n<\/div><\/div><!-- \/.sc_title -->[vc_empty_space alter_height=&#8221;huge&#8221; hide_on_desktop=&#8221;&#8221; hide_on_notebook=&#8221;&#8221; hide_on_tablet=&#8221;&#8221; hide_on_mobile=&#8221;&#8221;][\/vc_column][vc_column width=&#8221;1\/2&#8243;][vc_empty_space alter_height=&#8221;huge&#8221; hide_on_desktop=&#8221;&#8221; hide_on_notebook=&#8221;&#8221; hide_on_tablet=&#8221;&#8221; hide_on_mobile=&#8221;&#8221;][vc_gallery type=&#8221;image_grid&#8221; images=&#8221;907,856&#8243; img_size=&#8221;medium&#8221; onclick=&#8221;img_link_large&#8221; custom_links_target=&#8221;_blank&#8221;][vc_empty_space alter_height=&#8221;huge&#8221; hide_on_desktop=&#8221;&#8221; hide_on_notebook=&#8221;&#8221; hide_on_tablet=&#8221;&#8221; hide_on_mobile=&#8221;&#8221;][\/vc_column][\/vc_row]<\/p>\n<\/div>","protected":false},"excerpt":{"rendered":"<p>[vc_row full_width=&#8221;stretch_row&#8221; css=&#8221;.vc_custom_1499424773659{background-color: #f6f6f6 !important;}&#8221;][vc_column][vc_empty_space alter_height=&#8221;huge&#8221; hide_on_desktop=&#8221;&#8221; hide_on_notebook=&#8221;&#8221; hide_on_tablet=&#8221;&#8221; hide_on_mobile=&#8221;&#8221;][vc_empty_space alter_height=&#8221;huge&#8221; hide_on_desktop=&#8221;&#8221; hide_on_notebook=&#8221;&#8221; hide_on_tablet=&#8221;&#8221; hide_on_mobile=&#8221;&#8221;][\/vc_column][\/vc_row][vc_row][vc_column width=&#8221;1\/2&#8243; icons_position=&#8221;left&#8221; offset=&#8221;vc_col-sm-offset-3&#8243;][vc_empty_space alter_height=&#8221;huge&#8221; hide_on_desktop=&#8221;&#8221; hide_on_notebook=&#8221;&#8221; hide_on_tablet=&#8221;&#8221; hide_on_mobile=&#8221;&#8221; css=&#8221;.vc_custom_1504256739846{margin-top: -0.15rem !important;}&#8221;][\/vc_column][vc_column icons_position=&#8221;left&#8221;][vc_empty_space alter_height=&#8221;small&#8221; hide_on_desktop=&#8221;&#8221; hide_on_notebook=&#8221;&#8221; hide_on_tablet=&#8221;&#8221; hide_on_mobile=&#8221;&#8221; css=&#8221;.vc_custom_1504184632482{margin-top: 1.3rem !important;}&#8221;][vc_empty_space alter_height=&#8221;huge&#8221; hide_on_desktop=&#8221;&#8221; hide_on_notebook=&#8221;&#8221; hide_on_tablet=&#8221;&#8221; hide_on_mobile=&#8221;&#8221; css=&#8221;.vc_custom_1504256768983{margin-top: -0.4rem !important;}&#8221;][\/vc_column][\/vc_row][vc_row][vc_column icons_position=&#8221;left&#8221;][vc_empty_space alter_height=&#8221;huge&#8221; hide_on_desktop=&#8221;&#8221; hide_on_notebook=&#8221;&#8221; hide_on_tablet=&#8221;&#8221; hide_on_mobile=&#8221;&#8221; css=&#8221;.vc_custom_1504188732325{margin-top: -0.2rem !important;}&#8221;][vc_empty_space alter_height=&#8221;medium&#8221; hide_on_desktop=&#8221;&#8221; hide_on_notebook=&#8221;&#8221; hide_on_tablet=&#8221;&#8221; hide_on_mobile=&#8221;&#8221; css=&#8221;.vc_custom_1504188762103{margin-top: -0.1rem !important;}&#8221;][vc_empty_space&hellip;<\/p>\n","protected":false},"author":2,"featured_media":0,"parent":0,"menu_order":0,"comment_status":"closed","ping_status":"closed","template":"","meta":{"footnotes":""},"class_list":["post-245","page","type-page","status-publish","hentry"],"yoast_head":"<!-- This site is optimized with the Yoast SEO plugin v27.4 - https:\/\/yoast.com\/product\/yoast-seo-wordpress\/ -->\n<title>Firmast - HoFFnung UU\u0308<\/title>\n<meta name=\"robots\" content=\"index, follow, max-snippet:-1, max-image-preview:large, max-video-preview:-1\" \/>\n<link rel=\"canonical\" href=\"https:\/\/hoffnung.ee\/et\/about-us\/\" \/>\n<meta property=\"og:locale\" content=\"et_EE\" \/>\n<meta property=\"og:type\" content=\"article\" \/>\n<meta property=\"og:title\" content=\"Firmast - HoFFnung UU\u0308\" \/>\n<meta property=\"og:description\" content=\"[vc_row full_width=&#8221;stretch_row&#8221; css=&#8221;.vc_custom_1499424773659{background-color: #f6f6f6 !important;}&#8221;][vc_column][vc_empty_space alter_height=&#8221;huge&#8221; hide_on_desktop=&#8221;&#8221; hide_on_notebook=&#8221;&#8221; hide_on_tablet=&#8221;&#8221; hide_on_mobile=&#8221;&#8221;][vc_empty_space alter_height=&#8221;huge&#8221; hide_on_desktop=&#8221;&#8221; hide_on_notebook=&#8221;&#8221; hide_on_tablet=&#8221;&#8221; hide_on_mobile=&#8221;&#8221;][\/vc_column][\/vc_row][vc_row][vc_column width=&#8221;1\/2&#8243; icons_position=&#8221;left&#8221; offset=&#8221;vc_col-sm-offset-3&#8243;][vc_empty_space alter_height=&#8221;huge&#8221; hide_on_desktop=&#8221;&#8221; hide_on_notebook=&#8221;&#8221; hide_on_tablet=&#8221;&#8221; hide_on_mobile=&#8221;&#8221; css=&#8221;.vc_custom_1504256739846{margin-top: -0.15rem !important;}&#8221;][\/vc_column][vc_column icons_position=&#8221;left&#8221;][vc_empty_space alter_height=&#8221;small&#8221; hide_on_desktop=&#8221;&#8221; hide_on_notebook=&#8221;&#8221; hide_on_tablet=&#8221;&#8221; hide_on_mobile=&#8221;&#8221; css=&#8221;.vc_custom_1504184632482{margin-top: 1.3rem !important;}&#8221;][vc_empty_space alter_height=&#8221;huge&#8221; hide_on_desktop=&#8221;&#8221; hide_on_notebook=&#8221;&#8221; hide_on_tablet=&#8221;&#8221; hide_on_mobile=&#8221;&#8221; css=&#8221;.vc_custom_1504256768983{margin-top: -0.4rem !important;}&#8221;][\/vc_column][\/vc_row][vc_row][vc_column icons_position=&#8221;left&#8221;][vc_empty_space alter_height=&#8221;huge&#8221; hide_on_desktop=&#8221;&#8221; hide_on_notebook=&#8221;&#8221; hide_on_tablet=&#8221;&#8221; hide_on_mobile=&#8221;&#8221; css=&#8221;.vc_custom_1504188732325{margin-top: -0.2rem !important;}&#8221;][vc_empty_space alter_height=&#8221;medium&#8221; hide_on_desktop=&#8221;&#8221; hide_on_notebook=&#8221;&#8221; hide_on_tablet=&#8221;&#8221; hide_on_mobile=&#8221;&#8221; css=&#8221;.vc_custom_1504188762103{margin-top: -0.1rem !important;}&#8221;][vc_empty_space&hellip;\" \/>\n<meta property=\"og:url\" content=\"https:\/\/hoffnung.ee\/et\/about-us\/\" \/>\n<meta property=\"og:site_name\" content=\"HoFFnung UU\u0308\" \/>\n<meta property=\"article:modified_time\" content=\"2024-04-08T12:18:09+00:00\" \/>\n<meta property=\"og:image\" content=\"https:\/\/hoffnung.ee\/et\/wp-content\/uploads\/sites\/3\/2024\/04\/preview.jpg\" \/>\n\t<meta property=\"og:image:width\" content=\"1200\" \/>\n\t<meta property=\"og:image:height\" content=\"675\" \/>\n\t<meta property=\"og:image:type\" content=\"image\/jpeg\" \/>\n<meta name=\"twitter:card\" content=\"summary_large_image\" \/>\n<meta name=\"twitter:label1\" content=\"Est. reading time\" \/>\n\t<meta name=\"twitter:data1\" content=\"3 minutit\" \/>\n<script type=\"application\/ld+json\" class=\"yoast-schema-graph\">{\"@context\":\"https:\\\/\\\/schema.org\",\"@graph\":[{\"@type\":\"WebPage\",\"@id\":\"https:\\\/\\\/hoffnung.ee\\\/et\\\/about-us\\\/\",\"url\":\"https:\\\/\\\/hoffnung.ee\\\/et\\\/about-us\\\/\",\"name\":\"Firmast - HoFFnung UU\u0308\",\"isPartOf\":{\"@id\":\"https:\\\/\\\/hoffnung.ee\\\/et\\\/#website\"},\"datePublished\":\"2017-07-07T11:07:41+00:00\",\"dateModified\":\"2024-04-08T12:18:09+00:00\",\"breadcrumb\":{\"@id\":\"https:\\\/\\\/hoffnung.ee\\\/et\\\/about-us\\\/#breadcrumb\"},\"inLanguage\":\"et\",\"potentialAction\":[{\"@type\":\"ReadAction\",\"target\":[\"https:\\\/\\\/hoffnung.ee\\\/et\\\/about-us\\\/\"]}]},{\"@type\":\"BreadcrumbList\",\"@id\":\"https:\\\/\\\/hoffnung.ee\\\/et\\\/about-us\\\/#breadcrumb\",\"itemListElement\":[{\"@type\":\"ListItem\",\"position\":1,\"name\":\"Home\",\"item\":\"https:\\\/\\\/hoffnung.ee\\\/et\\\/\"},{\"@type\":\"ListItem\",\"position\":2,\"name\":\"Firmast\"}]},{\"@type\":\"WebSite\",\"@id\":\"https:\\\/\\\/hoffnung.ee\\\/et\\\/#website\",\"url\":\"https:\\\/\\\/hoffnung.ee\\\/et\\\/\",\"name\":\"HoFFnung UU\u0308\",\"description\":\"Professionaalsed lahendused, mis kehastavad teie ideid.\",\"publisher\":{\"@id\":\"https:\\\/\\\/hoffnung.ee\\\/et\\\/#organization\"},\"alternateName\":\"HoFFnung\",\"potentialAction\":[{\"@type\":\"SearchAction\",\"target\":{\"@type\":\"EntryPoint\",\"urlTemplate\":\"https:\\\/\\\/hoffnung.ee\\\/et\\\/?s={search_term_string}\"},\"query-input\":{\"@type\":\"PropertyValueSpecification\",\"valueRequired\":true,\"valueName\":\"search_term_string\"}}],\"inLanguage\":\"et\"},{\"@type\":\"Organization\",\"@id\":\"https:\\\/\\\/hoffnung.ee\\\/et\\\/#organization\",\"name\":\"HoFFnung UU\u0308\",\"alternateName\":\"HoFFnung\",\"url\":\"https:\\\/\\\/hoffnung.ee\\\/et\\\/\",\"logo\":{\"@type\":\"ImageObject\",\"inLanguage\":\"et\",\"@id\":\"https:\\\/\\\/hoffnung.ee\\\/et\\\/#\\\/schema\\\/logo\\\/image\\\/\",\"url\":\"https:\\\/\\\/hoffnung.ee\\\/et\\\/wp-content\\\/uploads\\\/sites\\\/3\\\/2024\\\/03\\\/logo-3.png\",\"contentUrl\":\"https:\\\/\\\/hoffnung.ee\\\/et\\\/wp-content\\\/uploads\\\/sites\\\/3\\\/2024\\\/03\\\/logo-3.png\",\"width\":561,\"height\":561,\"caption\":\"HoFFnung UU\u0308\"},\"image\":{\"@id\":\"https:\\\/\\\/hoffnung.ee\\\/et\\\/#\\\/schema\\\/logo\\\/image\\\/\"}}]}<\/script>\n<!-- \/ Yoast SEO plugin. -->","yoast_head_json":{"title":"Firmast - HoFFnung UU\u0308","robots":{"index":"index","follow":"follow","max-snippet":"max-snippet:-1","max-image-preview":"max-image-preview:large","max-video-preview":"max-video-preview:-1"},"canonical":"https:\/\/hoffnung.ee\/et\/about-us\/","og_locale":"et_EE","og_type":"article","og_title":"Firmast - HoFFnung UU\u0308","og_description":"[vc_row full_width=&#8221;stretch_row&#8221; css=&#8221;.vc_custom_1499424773659{background-color: #f6f6f6 !important;}&#8221;][vc_column][vc_empty_space alter_height=&#8221;huge&#8221; hide_on_desktop=&#8221;&#8221; hide_on_notebook=&#8221;&#8221; hide_on_tablet=&#8221;&#8221; hide_on_mobile=&#8221;&#8221;][vc_empty_space alter_height=&#8221;huge&#8221; hide_on_desktop=&#8221;&#8221; hide_on_notebook=&#8221;&#8221; hide_on_tablet=&#8221;&#8221; hide_on_mobile=&#8221;&#8221;][\/vc_column][\/vc_row][vc_row][vc_column width=&#8221;1\/2&#8243; icons_position=&#8221;left&#8221; offset=&#8221;vc_col-sm-offset-3&#8243;][vc_empty_space alter_height=&#8221;huge&#8221; hide_on_desktop=&#8221;&#8221; hide_on_notebook=&#8221;&#8221; hide_on_tablet=&#8221;&#8221; hide_on_mobile=&#8221;&#8221; css=&#8221;.vc_custom_1504256739846{margin-top: -0.15rem !important;}&#8221;][\/vc_column][vc_column icons_position=&#8221;left&#8221;][vc_empty_space alter_height=&#8221;small&#8221; hide_on_desktop=&#8221;&#8221; hide_on_notebook=&#8221;&#8221; hide_on_tablet=&#8221;&#8221; hide_on_mobile=&#8221;&#8221; css=&#8221;.vc_custom_1504184632482{margin-top: 1.3rem !important;}&#8221;][vc_empty_space alter_height=&#8221;huge&#8221; hide_on_desktop=&#8221;&#8221; hide_on_notebook=&#8221;&#8221; hide_on_tablet=&#8221;&#8221; hide_on_mobile=&#8221;&#8221; css=&#8221;.vc_custom_1504256768983{margin-top: -0.4rem !important;}&#8221;][\/vc_column][\/vc_row][vc_row][vc_column icons_position=&#8221;left&#8221;][vc_empty_space alter_height=&#8221;huge&#8221; hide_on_desktop=&#8221;&#8221; hide_on_notebook=&#8221;&#8221; hide_on_tablet=&#8221;&#8221; hide_on_mobile=&#8221;&#8221; css=&#8221;.vc_custom_1504188732325{margin-top: -0.2rem !important;}&#8221;][vc_empty_space alter_height=&#8221;medium&#8221; hide_on_desktop=&#8221;&#8221; hide_on_notebook=&#8221;&#8221; hide_on_tablet=&#8221;&#8221; hide_on_mobile=&#8221;&#8221; css=&#8221;.vc_custom_1504188762103{margin-top: -0.1rem !important;}&#8221;][vc_empty_space&hellip;","og_url":"https:\/\/hoffnung.ee\/et\/about-us\/","og_site_name":"HoFFnung UU\u0308","article_modified_time":"2024-04-08T12:18:09+00:00","og_image":[{"width":1200,"height":675,"url":"https:\/\/hoffnung.ee\/et\/wp-content\/uploads\/sites\/3\/2024\/04\/preview.jpg","type":"image\/jpeg"}],"twitter_card":"summary_large_image","twitter_misc":{"Est. reading time":"3 minutit"},"schema":{"@context":"https:\/\/schema.org","@graph":[{"@type":"WebPage","@id":"https:\/\/hoffnung.ee\/et\/about-us\/","url":"https:\/\/hoffnung.ee\/et\/about-us\/","name":"Firmast - HoFFnung UU\u0308","isPartOf":{"@id":"https:\/\/hoffnung.ee\/et\/#website"},"datePublished":"2017-07-07T11:07:41+00:00","dateModified":"2024-04-08T12:18:09+00:00","breadcrumb":{"@id":"https:\/\/hoffnung.ee\/et\/about-us\/#breadcrumb"},"inLanguage":"et","potentialAction":[{"@type":"ReadAction","target":["https:\/\/hoffnung.ee\/et\/about-us\/"]}]},{"@type":"BreadcrumbList","@id":"https:\/\/hoffnung.ee\/et\/about-us\/#breadcrumb","itemListElement":[{"@type":"ListItem","position":1,"name":"Home","item":"https:\/\/hoffnung.ee\/et\/"},{"@type":"ListItem","position":2,"name":"Firmast"}]},{"@type":"WebSite","@id":"https:\/\/hoffnung.ee\/et\/#website","url":"https:\/\/hoffnung.ee\/et\/","name":"HoFFnung UU\u0308","description":"Professionaalsed lahendused, mis kehastavad teie ideid.","publisher":{"@id":"https:\/\/hoffnung.ee\/et\/#organization"},"alternateName":"HoFFnung","potentialAction":[{"@type":"SearchAction","target":{"@type":"EntryPoint","urlTemplate":"https:\/\/hoffnung.ee\/et\/?s={search_term_string}"},"query-input":{"@type":"PropertyValueSpecification","valueRequired":true,"valueName":"search_term_string"}}],"inLanguage":"et"},{"@type":"Organization","@id":"https:\/\/hoffnung.ee\/et\/#organization","name":"HoFFnung UU\u0308","alternateName":"HoFFnung","url":"https:\/\/hoffnung.ee\/et\/","logo":{"@type":"ImageObject","inLanguage":"et","@id":"https:\/\/hoffnung.ee\/et\/#\/schema\/logo\/image\/","url":"https:\/\/hoffnung.ee\/et\/wp-content\/uploads\/sites\/3\/2024\/03\/logo-3.png","contentUrl":"https:\/\/hoffnung.ee\/et\/wp-content\/uploads\/sites\/3\/2024\/03\/logo-3.png","width":561,"height":561,"caption":"HoFFnung UU\u0308"},"image":{"@id":"https:\/\/hoffnung.ee\/et\/#\/schema\/logo\/image\/"}}]}},"_links":{"self":[{"href":"https:\/\/hoffnung.ee\/et\/wp-json\/wp\/v2\/pages\/245","targetHints":{"allow":["GET"]}}],"collection":[{"href":"https:\/\/hoffnung.ee\/et\/wp-json\/wp\/v2\/pages"}],"about":[{"href":"https:\/\/hoffnung.ee\/et\/wp-json\/wp\/v2\/types\/page"}],"author":[{"embeddable":true,"href":"https:\/\/hoffnung.ee\/et\/wp-json\/wp\/v2\/users\/2"}],"replies":[{"embeddable":true,"href":"https:\/\/hoffnung.ee\/et\/wp-json\/wp\/v2\/comments?post=245"}],"version-history":[{"count":11,"href":"https:\/\/hoffnung.ee\/et\/wp-json\/wp\/v2\/pages\/245\/revisions"}],"predecessor-version":[{"id":1035,"href":"https:\/\/hoffnung.ee\/et\/wp-json\/wp\/v2\/pages\/245\/revisions\/1035"}],"wp:attachment":[{"href":"https:\/\/hoffnung.ee\/et\/wp-json\/wp\/v2\/media?parent=245"}],"curies":[{"name":"wp","href":"https:\/\/api.w.org\/{rel}","templated":true}]}}